{"id":1086,"date":"2022-05-06T14:03:07","date_gmt":"2022-05-06T14:03:07","guid":{"rendered":"https:\/\/www.iscat.net\/?page_id=1086"},"modified":"2026-04-12T13:26:14","modified_gmt":"2026-04-12T13:26:14","slug":"abstracts","status":"publish","type":"page","link":"https:\/\/www.iscat.net\/fr\/abstracts\/","title":{"rendered":"ABSTRACTS"},"content":{"rendered":"<p data-start=\"40\" data-end=\"416\">ISCAT est l\u2019une des r\u00e9unions biennales les plus prestigieuses en \u00e9lectrophysiologie cardiaque, r\u00e9unissant \u00e0 Paris des experts de renomm\u00e9e mondiale et de jeunes talents prometteurs. Nous recherchons des id\u00e9es audacieuses, innovantes et \u00e0 fort impact, propos\u00e9es par de jeunes chercheurs d\u00e9sireux de remettre en question les paradigmes actuels et de fa\u00e7onner l\u2019avenir du domaine.<\/p>\n<p data-start=\"418\" data-end=\"863\">Soumettre vos travaux est une opportunit\u00e9 unique de les pr\u00e9senter \u00e0 un public international, de b\u00e9n\u00e9ficier de retours directs d\u2019experts de premier plan et de cr\u00e9er des connexions solides pouvant acc\u00e9l\u00e9rer votre carri\u00e8re. Les candidatures sont ouvertes non seulement \u00e0 des projets d\u00e9j\u00e0 bien \u00e9tablis, mais aussi \u00e0 des id\u00e9es de recherche en phase pr\u00e9liminaire : ce qui compte, c\u2019est l\u2019originalit\u00e9, la valeur scientifique et une vision convaincante.<\/p>\n<p data-start=\"865\" data-end=\"1161\" data-is-last-node=\"\" data-is-only-node=\"\">Les candidats s\u00e9lectionn\u00e9s b\u00e9n\u00e9ficieront d\u2019un soutien complet, incluant l\u2019inscription, le voyage et l\u2019h\u00e9bergement. Il s\u2019agit d\u2019une opportunit\u00e9 comp\u00e9titive pour gagner en visibilit\u00e9, \u00e9largir votre r\u00e9seau et vous positionner parmi la prochaine g\u00e9n\u00e9ration de leaders en \u00e9lectrophysiologie cardiaque.<\/p>\n<p>&nbsp;<\/p>\n<h4 style=\"text-align: center;\" data-start=\"865\" data-end=\"1161\"><strong>Vous pouvez soumettre vos abstracts pour l&rsquo;ISCAT 2026 en cliquant ci-dessous<\/strong><\/h4>\n<h4 style=\"text-align: center;\">Consultez le guide de soumission d&rsquo;abstract en <a style=\"text-decoration: underline;\" href=\"https:\/\/www.iscat.net\/wp-content\/uploads\/2026\/04\/ISCAT-2026_Abstract-submission-guidelines.pdf\">cliquant ici<\/a>.<\/h4>\n<p>&nbsp;<\/p>\n<div class=\" ubtn-ctn-center \"><a class=\"ubtn-link ult-adjust-bottom-margin ubtn-center ubtn-large \" href=\"https:\/\/overcome.key4events.com\/?e=799\" target=\"_blank\" rel=\"noopener\" ><button type=\"button\" id=\"ubtn-6478\"  class=\"ubtn ult-adjust-bottom-margin ult-responsive ubtn-large ubtn-no-hover-bg  none  ubtn-center   tooltip-69fa0bc39cf1d\"  data-hover=\"\" data-border-color=\"\" data-bg=\"#a41b18\" data-hover-bg=\"\" data-border-hover=\"\" data-shadow-hover=\"\" data-shadow-click=\"none\" data-shadow=\"\" data-shd-shadow=\"\"  data-ultimate-target='#ubtn-6478'  data-responsive-json-new='{\"font-size\":\"desktop:18px;\",\"line-height\":\"\"}'  style=\"font-weight:normal;border:none;background: #a41b18;color: #ffffff;\"><span class=\"ubtn-hover\" style=\"background-color:\"><\/span><span class=\"ubtn-data ubtn-text \" >SOUMETTRE MON ABSTRACT<\/span><\/button><\/a><\/div><br \/>\n[vc_row type=\u00a0\u00bbvc_default\u00a0\u00bb][vc_column][vc_empty_space height=\u00a0\u00bb50px\u00a0\u00bb]<div class=\"smile_icon_list_wrap ult_info_list_container ult-adjust-bottom-margin  \"><ul class=\"smile_icon_list top circle with_bg\"><li class=\"icon_list_item\" style=\" font-size:78px;\"><div class=\"icon_list_icon\" data-animation=\"rollIn\" data-animation-delay=\"03\" style=\"font-size:26px;border-width:1px;border-style:none;background:#bc1f31;color:#ffffff;border-color:#333333;\"><i class=\"Defaults-edit\" ><\/i><\/div><div class=\"icon_description\" id=\"Info-list-wrap-2484\" style=\"font-size:26px;\"><h1 class=\"ult-responsive info-list-heading\"  data-ultimate-target='#Info-list-wrap-2484 h1'  data-responsive-json-new='{\"font-size\":\"desktop:16px;\",\"line-height\":\"desktop:24px;\"}'  style=\"\"><strong>Avril 2026<\/strong><\/h1><div class=\"icon_description_text ult-responsive\"  data-ultimate-target='#Info-list-wrap-2484 .icon_description_text'  data-responsive-json-new='{\"font-size\":\"desktop:13px;\",\"line-height\":\"desktop:18px;\"}'  style=\"\"><h3>Ouverture de l&rsquo;appel \u00e0 abstract<\/h3>\n<\/div><\/div><div class=\"icon_list_connector\" data-animation=\"fadeInLeft\" data-animation-delay=\"03\" style=\"border-top-width: 1px;border-top-style: dashed;border-color: #bc1f31;\"><\/div><\/li><li class=\"icon_list_item\" style=\" font-size:78px;\"><div class=\"icon_list_icon\" data-animation=\"rollIn\" data-animation-delay=\"03\" style=\"font-size:26px;border-width:1px;border-style:none;background:#bc1f31;color:#ffffff;border-color:#333333;\"><i class=\"dt-icon-the7-misc-019\" ><\/i><\/div><div class=\"icon_description\" id=\"Info-list-wrap-5260\" style=\"font-size:26px;\"><h3 class=\"ult-responsive info-list-heading\"  data-ultimate-target='#Info-list-wrap-5260 h3'  data-responsive-json-new='{\"font-size\":\"desktop:16px;\",\"line-height\":\"desktop:24px;\"}'  style=\"\"><strong>7 juin 2026<\/strong><\/h3><div class=\"icon_description_text ult-responsive\"  data-ultimate-target='#Info-list-wrap-5260 .icon_description_text'  data-responsive-json-new='{\"font-size\":\"desktop:13px;\",\"line-height\":\"desktop:18px;\"}'  style=\"\"><h3>Cl\u00f4ture de l&rsquo;appel \u00e0 abstract<\/h3>\n<\/div><\/div><div class=\"icon_list_connector\" data-animation=\"fadeInLeft\" data-animation-delay=\"03\" style=\"border-top-width: 1px;border-top-style: dashed;border-color: #bc1f31;\"><\/div><\/li><li class=\"icon_list_item\" style=\" font-size:78px;\"><div class=\"icon_list_icon\" data-animation=\"rollIn\" data-animation-delay=\"03\" style=\"font-size:26px;border-width:1px;border-style:none;background:#bc1f31;color:#ffffff;border-color:#333333;\"><i class=\"Defaults-sliders\" ><\/i><\/div><div class=\"icon_description\" id=\"Info-list-wrap-8023\" style=\"font-size:26px;\"><h3 class=\"ult-responsive info-list-heading\"  data-ultimate-target='#Info-list-wrap-8023 h3'  data-responsive-json-new='{\"font-size\":\"desktop:16px;\",\"line-height\":\"desktop:24px;\"}'  style=\"\"><strong>mi-Juin 2026<\/strong><\/h3><div class=\"icon_description_text ult-responsive\"  data-ultimate-target='#Info-list-wrap-8023 .icon_description_text'  data-responsive-json-new='{\"font-size\":\"desktop:13px;\",\"line-height\":\"desktop:18px;\"}'  style=\"\"><h3>\u00c9valuation des abstracts<\/h3>\n<\/div><\/div><div class=\"icon_list_connector\" data-animation=\"fadeInLeft\" data-animation-delay=\"03\" style=\"border-top-width: 1px;border-top-style: dashed;border-color: #bc1f31;\"><\/div><\/li><li class=\"icon_list_item\" style=\" font-size:78px;\"><div class=\"icon_list_icon\" data-animation=\"rollIn\" data-animation-delay=\"03\" style=\"font-size:26px;border-width:1px;border-style:none;background:#bc1f31;color:#ffffff;border-color:#333333;\"><i class=\"fas fa-bullhorn\" ><\/i><\/div><div class=\"icon_description\" id=\"Info-list-wrap-8006\" style=\"font-size:26px;\"><h3 class=\"ult-responsive info-list-heading\"  data-ultimate-target='#Info-list-wrap-8006 h3'  data-responsive-json-new='{\"font-size\":\"desktop:16px;\",\"line-height\":\"desktop:24px;\"}'  style=\"\"><strong>d\u00e9but juillet 2026<\/strong><\/h3><div class=\"icon_description_text ult-responsive\"  data-ultimate-target='#Info-list-wrap-8006 .icon_description_text'  data-responsive-json-new='{\"font-size\":\"desktop:13px;\",\"line-height\":\"desktop:18px;\"}'  style=\"\"><h3>Notification aux auteur<\/h3>\n<\/div><\/div><div class=\"icon_list_connector\" data-animation=\"fadeInLeft\" data-animation-delay=\"03\" style=\"border-top-width: 1px;border-top-style: dashed;border-color: #bc1f31;\"><\/div><\/li><li class=\"icon_list_item\" style=\" font-size:78px;\"><div class=\"icon_list_icon\" data-animation=\"rollIn\" data-animation-delay=\"03\" style=\"font-size:26px;border-width:1px;border-style:none;background:#bc1f31;color:#ffffff;border-color:#333333;\"><i class=\"fas fa-calendar-check\" ><\/i><\/div><div class=\"icon_description\" id=\"Info-list-wrap-8670\" style=\"font-size:26px;\"><h3 class=\"ult-responsive info-list-heading\"  data-ultimate-target='#Info-list-wrap-8670 h3'  data-responsive-json-new='{\"font-size\":\"desktop:16px;\",\"line-height\":\"desktop:24px;\"}'  style=\"\"><strong>25 - 27 novembre 2026<\/strong><\/h3><div class=\"icon_description_text ult-responsive\"  data-ultimate-target='#Info-list-wrap-8670 .icon_description_text'  data-responsive-json-new='{\"font-size\":\"desktop:13px;\",\"line-height\":\"desktop:18px;\"}'  style=\"\"><h3>ISCAT<\/h3>\n<\/div><\/div><div class=\"icon_list_connector\" data-animation=\"fadeInLeft\" data-animation-delay=\"03\" style=\"border-top-width: 1px;border-top-style: dashed;border-color: #bc1f31;\"><\/div><\/li><\/ul><\/div>[\/vc_column][\/vc_row][vc_row][vc_column][vc_empty_space]<\/p>\n","protected":false},"excerpt":{"rendered":"<p>ISCAT est l\u2019une des r\u00e9unions biennales les plus prestigieuses en \u00e9lectrophysiologie cardiaque, r\u00e9unissant \u00e0 Paris des experts de renomm\u00e9e mondiale et de jeunes talents prometteurs. Nous recherchons des id\u00e9es audacieuses, innovantes et \u00e0 fort impact, propos\u00e9es par de jeunes chercheurs d\u00e9sireux de remettre en question les paradigmes actuels et de fa\u00e7onner l\u2019avenir du domaine. Soumettre&hellip;<\/p>\n","protected":false},"author":816,"featured_media":0,"parent":0,"menu_order":0,"comment_status":"closed","ping_status":"closed","template":"","meta":[],"_links":{"self":[{"href":"https:\/\/www.iscat.net\/fr\/wp-json\/wp\/v2\/pages\/1086"}],"collection":[{"href":"https:\/\/www.iscat.net\/fr\/wp-json\/wp\/v2\/pages"}],"about":[{"href":"https:\/\/www.iscat.net\/fr\/wp-json\/wp\/v2\/types\/page"}],"author":[{"embeddable":true,"href":"https:\/\/www.iscat.net\/fr\/wp-json\/wp\/v2\/users\/816"}],"replies":[{"embeddable":true,"href":"https:\/\/www.iscat.net\/fr\/wp-json\/wp\/v2\/comments?post=1086"}],"version-history":[{"count":40,"href":"https:\/\/www.iscat.net\/fr\/wp-json\/wp\/v2\/pages\/1086\/revisions"}],"predecessor-version":[{"id":2236,"href":"https:\/\/www.iscat.net\/fr\/wp-json\/wp\/v2\/pages\/1086\/revisions\/2236"}],"wp:attachment":[{"href":"https:\/\/www.iscat.net\/fr\/wp-json\/wp\/v2\/media?parent=1086"}],"curies":[{"name":"wp","href":"https:\/\/api.w.org\/{rel}","templated":true}]}}