{"id":120,"date":"2018-06-12T14:13:08","date_gmt":"2018-06-12T14:13:08","guid":{"rendered":"https:\/\/preprod.congresseums.com\/?page_id=120"},"modified":"2025-06-10T14:57:31","modified_gmt":"2025-06-10T14:57:31","slug":"general-information","status":"publish","type":"page","link":"https:\/\/www.iscat.net\/fr\/general-information\/","title":{"rendered":"GENERAL INFORMATION"},"content":{"rendered":"<p>[vc_row type=\u00a0\u00bbvc_default\u00a0\u00bb content_placement=\u00a0\u00bbmiddle\u00a0\u00bb anchor=\u00a0\u00bbhome\u00a0\u00bb][vc_column css=\u00a0\u00bb.vc_custom_1576592911105{padding-top: 0px !important;}\u00a0\u00bb]<div id=\"ultimate-heading-744269fa1e35cda8d\" class=\"uvc-heading ult-adjust-bottom-margin ultimate-heading-744269fa1e35cda8d uvc-5199 \" data-hspacer=\"line_with_icon\" data-hline_width=\"auto\" data-hicon_type=\"selector\" data-hborder_style=\"solid\" data-hborder_height=\"3\" data-hborder_color=\"#120c48\" data-icon_width=\"32\" data-hfixer=\"10\"  data-halign=\"center\" style=\"text-align:center\"><div class=\"uvc-main-heading ult-responsive\"  data-ultimate-target='.uvc-heading.ultimate-heading-744269fa1e35cda8d h2'  data-responsive-json-new='{\"font-size\":\"desktop:32px;\",\"line-height\":\"\"}' ><h2 style=\"font-weight:bold;color:#120c48;\">CONTACT<\/h2><\/div><div class=\"uvc-heading-spacer line_with_icon\" style=\"topheight:32px;\"><div class=\"ult-just-icon-wrapper  \"><div class=\"align-icon\" style=\"text-align:center;\">\n<div class=\"aio-icon none \"  style=\"color:#120c48;font-size:32px;display:inline-block;\">\n\t<i class=\"icomoon-the7-font-the7-arrow-05\"><\/i>\n<\/div><\/div><\/div><\/div><\/div>[\/vc_column][\/vc_row][vc_row][vc_column][vc_empty_space][vc_column_text]<\/p>\n<p style=\"text-align: center;\">Pour toute information concernant les inscriptions, votre venue, l&rsquo;h\u00e9bergement et la logistique :<\/p>\n<p><img decoding=\"async\" loading=\"lazy\" class=\"size-full aligncenter\" src=\"https:\/\/www.iscat.net\/wp-content\/uploads\/2019\/12\/logo_brand.png\" alt=\"\" width=\"167\" height=\"49\" \/><\/p>\n<p style=\"text-align: center;\"><strong>Overcome<\/strong><br \/>\n13-15 rue des Sablons<br \/>\n75116 Paris &#8211; France<br \/>\nT\u00e9l :+33 (0)1 40 88 97 97<br \/>\nEmail : <a href=\"mailto:iscat@overcome.fr\">iscat@overcome.fr<\/a><\/p>\n<p>[\/vc_column_text][vc_empty_space][\/vc_column][\/vc_row][vc_row type=\u00a0\u00bbvc_default\u00a0\u00bb disable_element=\u00a0\u00bbyes\u00a0\u00bb bg_type=\u00a0\u00bbbg_color\u00a0\u00bb anchor=\u00a0\u00bbhome\u00a0\u00bb css=\u00a0\u00bb.vc_custom_1701782316983{}\u00a0\u00bb][vc_column css=\u00a0\u00bb.vc_custom_1576592931306{padding-top: 0px !important;}\u00a0\u00bb][vc_empty_space][vc_empty_space]<div id=\"ultimate-heading-5769fa1e35cdbc7\" class=\"uvc-heading ult-adjust-bottom-margin ultimate-heading-5769fa1e35cdbc7 uvc-4901 \" data-hspacer=\"line_with_icon\" data-hline_width=\"auto\" data-hicon_type=\"selector\" data-hborder_style=\"solid\" data-hborder_height=\"3\" data-hborder_color=\"#ffffff\" data-icon_width=\"32\" data-hfixer=\"10\"  data-halign=\"center\" style=\"text-align:center\"><div class=\"uvc-main-heading ult-responsive\"  data-ultimate-target='.uvc-heading.ultimate-heading-5769fa1e35cdbc7 h2'  data-responsive-json-new='{\"font-size\":\"desktop:32px;\",\"line-height\":\"\"}' ><h2 style=\"font-weight:bold;color:#ffffff;\">LIEU<\/h2><\/div><div class=\"uvc-heading-spacer line_with_icon\" style=\"topheight:32px;\"><div class=\"ult-just-icon-wrapper  \"><div class=\"align-icon\" style=\"text-align:center;\">\n<div class=\"aio-icon none \"  style=\"color:#ffffff;font-size:32px;display:inline-block;\">\n\t<i class=\"icomoon-the7-font-the7-arrow-05\"><\/i>\n<\/div><\/div><\/div><\/div><\/div>[vc_empty_space height=\u00a0\u00bb16px\u00a0\u00bb][\/vc_column][\/vc_row][vc_row type=\u00a0\u00bbvc_default\u00a0\u00bb disable_element=\u00a0\u00bbyes\u00a0\u00bb bg_type=\u00a0\u00bbbg_color\u00a0\u00bb anchor=\u00a0\u00bbhome\u00a0\u00bb css=\u00a0\u00bb.vc_custom_1701782328018{}\u00a0\u00bb bg_color_value=\u00a0\u00bb#214281&Prime;][vc_column][vc_column_text]<\/p>\n<h3 class=\"lead c-orange title-info\" style=\"text-align: center;\"><span style=\"color: #ffffff;\">Paris Marriott Rive Gauche<\/span><\/h3>\n<p>[\/vc_column_text][\/vc_column][\/vc_row][vc_row type=\u00a0\u00bbvc_default\u00a0\u00bb content_placement=\u00a0\u00bbtop\u00a0\u00bb disable_element=\u00a0\u00bbyes\u00a0\u00bb bg_type=\u00a0\u00bbbg_color\u00a0\u00bb css=\u00a0\u00bb.vc_custom_1701782336302{}\u00a0\u00bb][vc_column width=\u00a0\u00bb1\/4&Prime;][\/vc_column][vc_column width=\u00a0\u00bb1\/4&Prime;][vc_column_text css=\u00a0\u00bb.vc_custom_1697708360975{border-top-width: 3px !important;border-right-width: 3px !important;border-bottom-width: 3px !important;border-left-width: 3px !important;padding-top: 10px !important;padding-right: 10px !important;padding-left: 10px !important;border-left-color: #ffffff !important;border-left-style: solid !important;border-right-color: #ffffff !important;border-right-style: solid !important;border-top-color: #ffffff !important;border-top-style: solid !important;border-bottom-color: #ffffff !important;border-bottom-style: solid !important;}\u00a0\u00bb]<img decoding=\"async\" loading=\"lazy\" class=\"alignnone wp-image-1031 size-medium\" src=\"https:\/\/www.iscat.net\/wp-content\/uploads\/2023\/10\/Marriott.jpg\" alt=\"\" width=\"300\" height=\"241\" \/>[\/vc_column_text][vc_empty_space][\/vc_column][vc_column width=\u00a0\u00bb1\/4&Prime;][vc_column_text]<span style=\"color: #ffffff;\">Paris Marriott Rive Gauche<\/span><br \/>\n<span style=\"color: #ffffff;\">17 Bd Saint-Jacques<\/span><br \/>\n<span style=\"color: #ffffff;\">75014 Paris<\/span>[\/vc_column_text][\/vc_column][vc_column width=\u00a0\u00bb1\/4&Prime;][\/vc_column][\/vc_row][vc_row type=\u00a0\u00bbvc_default\u00a0\u00bb anchor=\u00a0\u00bbhome\u00a0\u00bb][vc_column css=\u00a0\u00bb.vc_custom_1576592937867{padding-top: 0px !important;}\u00a0\u00bb][vc_empty_space][vc_empty_space]<div id=\"ultimate-heading-790469fa1e35cdccb\" class=\"uvc-heading ult-adjust-bottom-margin ultimate-heading-790469fa1e35cdccb uvc-8389 \" data-hspacer=\"line_with_icon\" data-hline_width=\"auto\" data-hicon_type=\"selector\" data-hborder_style=\"solid\" data-hborder_height=\"3\" data-hborder_color=\"#120c48\" data-icon_width=\"32\" data-hfixer=\"10\"  data-halign=\"center\" style=\"text-align:center\"><div class=\"uvc-main-heading ult-responsive\"  data-ultimate-target='.uvc-heading.ultimate-heading-790469fa1e35cdccb h2'  data-responsive-json-new='{\"font-size\":\"desktop:32px;\",\"line-height\":\"\"}' ><h2 style=\"font-weight:bold;color:#120c48;\">LIEU<\/h2><\/div><div class=\"uvc-heading-spacer line_with_icon\" style=\"topheight:32px;\"><div class=\"ult-just-icon-wrapper  \"><div class=\"align-icon\" style=\"text-align:center;\">\n<div class=\"aio-icon none \"  style=\"color:#120c48;font-size:32px;display:inline-block;\">\n\t<i class=\"icomoon-the7-font-the7-arrow-05\"><\/i>\n<\/div><\/div><\/div><\/div><\/div>[vc_empty_space][vc_column_text]Pullman Montparnasse<br \/>\nAdresse : 17 Bd Saint-Jacques, 75014 Paris[\/vc_column_text][\/vc_column][\/vc_row][vc_row type=\u00a0\u00bbvc_default\u00a0\u00bb][vc_column css=\u00a0\u00bb.vc_custom_1578405774759{margin-bottom: -35px !important;}\u00a0\u00bb][vc_gmaps link=\u00a0\u00bb#E-8_JTNDaWZyYW1lJTIwc3JjJTNEJTIyaHR0cHMlM0ElMkYlMkZ3d3cuZ29vZ2xlLmNvbSUyRm1hcHMlMkZlbWJlZCUzRnBiJTNEJTIxMW0xOCUyMTFtMTIlMjExbTMlMjExZDUyNTIuNzYzNzQxNjU1OTIlMjEyZDIuMzM5OTEwMiUyMTNkNDguODMxODU0Mjk5OTk5OTk2JTIxMm0zJTIxMWYwJTIxMmYwJTIxM2YwJTIxM20yJTIxMWkxMDI0JTIxMmk3NjglMjE0ZjEzLjElMjEzbTMlMjExbTIlMjExczB4NDdlNjcxYmU2MmZhZWNmNSUyNTNBMHg5M2YyN2Y4N2MzMDA5ODYlMjEyc1BhcmlzJTI1MjBNYXJyaW90dCUyNTIwUml2ZSUyNTIwR2F1Y2hlJTI1MjBIb3RlbCUyMTVlMCUyMTNtMiUyMTFzZnIlMjEyc2ZyJTIxNHYxNzQ5NTY3MTI5MzQ2JTIxNW0yJTIxMXNmciUyMTJzZnIlMjIlMjB3aWR0aCUzRCUyMjYwMCUyMiUyMGhlaWdodCUzRCUyMjQ1MCUyMiUyMHN0eWxlJTNEJTIyYm9yZGVyJTNBMCUzQiUyMiUyMGFsbG93ZnVsbHNjcmVlbiUzRCUyMiUyMiUyMGxvYWRpbmclM0QlMjJsYXp5JTIyJTIwcmVmZXJyZXJwb2xpY3klM0QlMjJuby1yZWZlcnJlci13aGVuLWRvd25ncmFkZSUyMiUzRSUzQyUyRmlmcmFtZSUzRQ==\u00a0\u00bb][\/vc_column][\/vc_row][vc_row type=\u00a0\u00bbvc_default\u00a0\u00bb bg_type=\u00a0\u00bbbg_color\u00a0\u00bb bg_override=\u00a0\u00bbfull\u00a0\u00bb anchor=\u00a0\u00bbhome\u00a0\u00bb css=\u00a0\u00bb.vc_custom_1580375740062{background-color: #ffffff !important;}\u00a0\u00bb bg_color_value=\u00a0\u00bb#ffffff\u00a0\u00bb][vc_column]<div id=\"ultimate-heading-334469fa1e35cddcb\" class=\"uvc-heading ult-adjust-bottom-margin ultimate-heading-334469fa1e35cddcb uvc-9799 \" data-hspacer=\"line_with_icon\" data-hline_width=\"auto\" data-hicon_type=\"selector\" data-hborder_style=\"solid\" data-hborder_height=\"3\" data-hborder_color=\"#120c48\" data-icon_width=\"32\" data-hfixer=\"10\"  data-halign=\"center\" style=\"text-align:center\"><div class=\"uvc-main-heading ult-responsive\"  data-ultimate-target='.uvc-heading.ultimate-heading-334469fa1e35cddcb h2'  data-responsive-json-new='{\"font-size\":\"desktop:32px;\",\"line-height\":\"\"}' ><h2 style=\"font-weight:bold;color:#120c48;\">MOYENS D'ACC\u00c8S<\/h2><\/div><div class=\"uvc-heading-spacer line_with_icon\" style=\"topheight:32px;\"><div class=\"ult-just-icon-wrapper  \"><div class=\"align-icon\" style=\"text-align:center;\">\n<div class=\"aio-icon none \"  style=\"color:#120c48;font-size:32px;display:inline-block;\">\n\t<i class=\"icomoon-the7-font-the7-arrow-05\"><\/i>\n<\/div><\/div><\/div><\/div><\/div>[vc_empty_space height=\u00a0\u00bb16px\u00a0\u00bb][vc_empty_space height=\u00a0\u00bb16px\u00a0\u00bb][\/vc_column][\/vc_row][vc_row type=\u00a0\u00bbvc_default\u00a0\u00bb gap=\u00a0\u00bb30&Prime; equal_height=\u00a0\u00bbyes\u00a0\u00bb content_placement=\u00a0\u00bbtop\u00a0\u00bb][vc_column width=\u00a0\u00bb1\/3&Prime; offset=\u00a0\u00bbvc_col-lg-offset-0&Prime; css=\u00a0\u00bb.vc_custom_1748353594633{border-top-width: 2px !important;border-right-width: 2px !important;border-bottom-width: 2px !important;border-left-width: 2px !important;border-left-color: #120c48 !important;border-left-style: solid !important;border-right-color: #120c48 !important;border-right-style: solid !important;border-top-color: #120c48 !important;border-top-style: solid !important;border-bottom-color: #120c48 !important;border-bottom-style: solid !important;}\u00a0\u00bb][vc_empty_space][vc_column_text]<img decoding=\"async\" loading=\"lazy\" class=\"wp-image-1034 aligncenter\" src=\"https:\/\/www.iscat.net\/wp-content\/uploads\/2021\/12\/Transport-Cars-icon-300x300.png\" alt=\"\" width=\"120\" height=\"120\" srcset=\"https:\/\/www.iscat.net\/wp-content\/uploads\/2021\/12\/Transport-Cars-icon-300x300.png 300w, https:\/\/www.iscat.net\/wp-content\/uploads\/2021\/12\/Transport-Cars-icon-150x150.png 150w, https:\/\/www.iscat.net\/wp-content\/uploads\/2021\/12\/Transport-Cars-icon.png 512w\" sizes=\"(max-width: 120px) 100vw, 120px\" \/>[\/vc_column_text][vc_column_text]<\/p>\n<p style=\"text-align: left;\">sortie porte de Vanves<\/p>\n<p>[\/vc_column_text][vc_empty_space height=\u00a0\u00bb26px\u00a0\u00bb][\/vc_column][vc_column width=\u00a0\u00bb1\/3&Prime; css=\u00a0\u00bb.vc_custom_1748353600733{border-top-width: 2px !important;border-right-width: 2px !important;border-bottom-width: 2px !important;border-left-width: 2px !important;border-left-color: #120c48 !important;border-left-style: solid !important;border-right-color: #120c48 !important;border-right-style: solid !important;border-top-color: #120c48 !important;border-top-style: solid !important;border-bottom-color: #120c48 !important;border-bottom-style: solid !important;}\u00a0\u00bb][vc_empty_space][vc_column_text]<img decoding=\"async\" loading=\"lazy\" class=\"wp-image-1038 aligncenter\" src=\"https:\/\/www.iscat.net\/wp-content\/uploads\/2023\/12\/033-tram-150x150-1.jpg\" alt=\"\" width=\"120\" height=\"120\" \/>[\/vc_column_text][vc_column_text]<span style=\"color: #000000;\">Stations Montparnasse (m\u00e9tro ligne 6) et Ga\u00eet\u00e9 (m\u00e9tro ligne 13)<\/span>[\/vc_column_text][vc_empty_space height=\u00a0\u00bb90px\u00a0\u00bb][\/vc_column][vc_column width=\u00a0\u00bb1\/3&Prime; css=\u00a0\u00bb.vc_custom_1748353606357{border-top-width: 2px !important;border-right-width: 2px !important;border-bottom-width: 2px !important;border-left-width: 2px !important;border-left-color: #120c48 !important;border-left-style: solid !important;border-right-color: #120c48 !important;border-right-style: solid !important;border-top-color: #120c48 !important;border-top-style: solid !important;border-bottom-color: #120c48 !important;border-bottom-style: solid !important;}\u00a0\u00bb][vc_empty_space][vc_column_text]<img decoding=\"async\" loading=\"lazy\" class=\"wp-image-1038 aligncenter\" src=\"https:\/\/www.iscat.net\/wp-content\/uploads\/2023\/12\/008-bus-2-300x300-1.jpg\" alt=\"\" width=\"120\" height=\"120\" \/>[\/vc_column_text][vc_column_text]<\/p>\n<div class=\"wpb_text_column wpb_content_element \">\n<div class=\"wpb_wrapper\">\n<p>Lines 58 &#8211; 59 &#8211; 88 &#8211; 91 &#8211; 92- N63 &#8211; N66<br \/>\nConsultez le plan : <a class=\"external\" href=\"http:\/\/www.ratp.fr\/\">www.ratp.fr<\/a>.<\/div>\n<\/div>\n<p>[\/vc_column_text][vc_empty_space height=\u00a0\u00bb90px\u00a0\u00bb][\/vc_column][\/vc_row][vc_row][vc_column][vc_empty_space][\/vc_column][\/vc_row][vc_row type=\u00a0\u00bbvc_default\u00a0\u00bb gap=\u00a0\u00bb30&Prime; equal_height=\u00a0\u00bbyes\u00a0\u00bb content_placement=\u00a0\u00bbtop\u00a0\u00bb][vc_column width=\u00a0\u00bb1\/3&Prime; css=\u00a0\u00bb.vc_custom_1748353613585{border-top-width: 2px !important;border-right-width: 2px !important;border-bottom-width: 2px !important;border-left-width: 2px !important;border-left-color: #120c48 !important;border-left-style: solid !important;border-right-color: #120c48 !important;border-right-style: solid !important;border-top-color: #120c48 !important;border-top-style: solid !important;border-bottom-color: #120c48 !important;border-bottom-style: solid !important;}\u00a0\u00bb][vc_empty_space][vc_column_text]<img decoding=\"async\" loading=\"lazy\" class=\"wp-image-1042 aligncenter\" src=\"https:\/\/www.iscat.net\/wp-content\/uploads\/2021\/12\/037-airplane-300x300.png\" alt=\"\" width=\"120\" height=\"120\" srcset=\"https:\/\/www.iscat.net\/wp-content\/uploads\/2021\/12\/037-airplane-300x300.png 300w, https:\/\/www.iscat.net\/wp-content\/uploads\/2021\/12\/037-airplane-150x150.png 150w, https:\/\/www.iscat.net\/wp-content\/uploads\/2021\/12\/037-airplane.png 512w\" sizes=\"(max-width: 120px) 100vw, 120px\" \/>[\/vc_column_text][vc_column_text]Cars Air France : liaison directe de l\u2019a\u00e9roport Roissy-CDG.<br \/>\nPour conna\u00eetre les tarifs et les horaires <a class=\"external\" href=\"http:\/\/www.lescarsairfrance.com\">www.lescarsairfrance.com<\/a>.[\/vc_column_text][vc_empty_space height=\u00a0\u00bb50px\u00a0\u00bb][\/vc_column][vc_column width=\u00a0\u00bb1\/3&Prime; css=\u00a0\u00bb.vc_custom_1748353620765{border-top-width: 2px !important;border-right-width: 2px !important;border-bottom-width: 2px !important;border-left-width: 2px !important;border-left-color: #120c48 !important;border-left-style: solid !important;border-right-color: #120c48 !important;border-right-style: solid !important;border-top-color: #120c48 !important;border-top-style: solid !important;border-bottom-color: #120c48 !important;border-bottom-style: solid !important;}\u00a0\u00bb][vc_empty_space][vc_column_text]<img decoding=\"async\" loading=\"lazy\" class=\"wp-image-1036 aligncenter\" src=\"https:\/\/www.iscat.net\/wp-content\/uploads\/2021\/12\/Taxi-Sign-icon-300x300.png\" alt=\"\" width=\"120\" height=\"120\" srcset=\"https:\/\/www.iscat.net\/wp-content\/uploads\/2021\/12\/Taxi-Sign-icon-300x300.png 300w, https:\/\/www.iscat.net\/wp-content\/uploads\/2021\/12\/Taxi-Sign-icon-150x150.png 150w, https:\/\/www.iscat.net\/wp-content\/uploads\/2021\/12\/Taxi-Sign-icon.png 512w\" sizes=\"(max-width: 120px) 100vw, 120px\" \/>[\/vc_column_text][vc_column_text]<\/p>\n<p style=\"text-align: left;\">Taxis :<\/p>\n<p style=\"text-align: left;\">Taxi G7, t\u00e9l : 01 47 39 47 39<br \/>\nTaxi bleus, t\u00e9l. : 08 91 70 10 10<\/p>\n<p>[\/vc_column_text][vc_empty_space height=\u00a0\u00bb35px\u00a0\u00bb][\/vc_column][vc_column width=\u00a0\u00bb1\/3&Prime; css=\u00a0\u00bb.vc_custom_1748353626746{border-top-width: 2px !important;border-right-width: 2px !important;border-bottom-width: 2px !important;border-left-width: 2px !important;border-left-color: #120c48 !important;border-left-style: solid !important;border-right-color: #120c48 !important;border-right-style: solid !important;border-top-color: #120c48 !important;border-top-style: solid !important;border-bottom-color: #120c48 !important;border-bottom-style: solid !important;}\u00a0\u00bb][vc_empty_space][vc_column_text]<img decoding=\"async\" loading=\"lazy\" class=\"wp-image-1044 aligncenter\" src=\"https:\/\/www.iscat.net\/wp-content\/uploads\/2023\/12\/Transport-Motorcycle-icon-150x150-1.jpg\" alt=\"\" width=\"120\" height=\"120\" \/>[\/vc_column_text][vc_column_text]<span style=\"color: #000000;\">Motos-taxis : <\/span><\/p>\n<p><span style=\"color: #000000;\">Citybird, t\u00e9l : 0 826 100 100 (0,15\u20ac TTC\/min)<\/span><br \/>\n<span style=\"color: #000000;\">Motocab, t\u00e9l. : 0 810 811 422<\/span>[\/vc_column_text][vc_empty_space][\/vc_column][\/vc_row]<\/p>\n","protected":false},"excerpt":{"rendered":"<p>[vc_row type=\u00a0\u00bbvc_default\u00a0\u00bb content_placement=\u00a0\u00bbmiddle\u00a0\u00bb anchor=\u00a0\u00bbhome\u00a0\u00bb][vc_column css=\u00a0\u00bb.vc_custom_1576592911105{padding-top: 0px !important;}\u00a0\u00bb][\/vc_column][\/vc_row][vc_row][vc_column][vc_empty_space][vc_column_text] Pour toute information concernant les inscriptions, votre venue, l&rsquo;h\u00e9bergement et la logistique : Overcome 13-15 rue des Sablons 75116 Paris &#8211; France T\u00e9l :+33 (0)1 40 88 97 97 Email : iscat@overcome.fr [\/vc_column_text][vc_empty_space][\/vc_column][\/vc_row][vc_row type=\u00a0\u00bbvc_default\u00a0\u00bb disable_element=\u00a0\u00bbyes\u00a0\u00bb bg_type=\u00a0\u00bbbg_color\u00a0\u00bb anchor=\u00a0\u00bbhome\u00a0\u00bb css=\u00a0\u00bb.vc_custom_1701782316983{}\u00a0\u00bb][vc_column css=\u00a0\u00bb.vc_custom_1576592931306{padding-top: 0px !important;}\u00a0\u00bb][vc_empty_space][vc_empty_space][vc_empty_space height=\u00a0\u00bb16px\u00a0\u00bb][\/vc_column][\/vc_row][vc_row type=\u00a0\u00bbvc_default\u00a0\u00bb disable_element=\u00a0\u00bbyes\u00a0\u00bb bg_type=\u00a0\u00bbbg_color\u00a0\u00bb anchor=\u00a0\u00bbhome\u00a0\u00bb css=\u00a0\u00bb.vc_custom_1701782328018{}\u00a0\u00bb bg_color_value=\u00a0\u00bb#214281&Prime;][vc_column][vc_column_text]&hellip;<\/p>\n","protected":false},"author":1,"featured_media":0,"parent":0,"menu_order":0,"comment_status":"closed","ping_status":"closed","template":"","meta":[],"_links":{"self":[{"href":"https:\/\/www.iscat.net\/fr\/wp-json\/wp\/v2\/pages\/120"}],"collection":[{"href":"https:\/\/www.iscat.net\/fr\/wp-json\/wp\/v2\/pages"}],"about":[{"href":"https:\/\/www.iscat.net\/fr\/wp-json\/wp\/v2\/types\/page"}],"author":[{"embeddable":true,"href":"https:\/\/www.iscat.net\/fr\/wp-json\/wp\/v2\/users\/1"}],"replies":[{"embeddable":true,"href":"https:\/\/www.iscat.net\/fr\/wp-json\/wp\/v2\/comments?post=120"}],"version-history":[{"count":92,"href":"https:\/\/www.iscat.net\/fr\/wp-json\/wp\/v2\/pages\/120\/revisions"}],"predecessor-version":[{"id":1982,"href":"https:\/\/www.iscat.net\/fr\/wp-json\/wp\/v2\/pages\/120\/revisions\/1982"}],"wp:attachment":[{"href":"https:\/\/www.iscat.net\/fr\/wp-json\/wp\/v2\/media?parent=120"}],"curies":[{"name":"wp","href":"https:\/\/api.w.org\/{rel}","templated":true}]}}